{"id":8,"date":"2024-02-16T10:15:19","date_gmt":"2024-02-16T09:15:19","guid":{"rendered":"http:\/\/l3cisd23.l3-digital.fr\/?page_id=8"},"modified":"2024-03-07T18:23:20","modified_gmt":"2024-03-07T17:23:20","slug":"accueil","status":"publish","type":"page","link":"https:\/\/l3cisd23.l3-digital.fr\/","title":{"rendered":"Bienvenue sur mon site"},"content":{"rendered":"\n<p>Je suis un \u00e9tudiant actuellement inscrit \u00e0 l&rsquo;Institut d&rsquo;Administration des Entreprises (IAE) de Saint-\u00c9tienne, o\u00f9 je poursuis mes \u00e9tudes dans la fili\u00e8re Management et Gestion des Organisations (MGO).<\/p>\n\n\n\n<p>En tant qu&rsquo;\u00e9tudiant en MGO, j&rsquo;\u00e9tudie les diff\u00e9rents aspects du management et de la gestion des organisations. La polyvalence de cette fili\u00e8re nous am\u00e8ne \u00e0 aborder des domaines aussi vari\u00e9s que le marketing, la finance, les ressources humaines ou encore la strat\u00e9gie d&rsquo;entreprise.<\/p>\n\n\n\n<p>Et c&rsquo;est dans le cadre de l&rsquo;enseignement de Marketing et strat\u00e9gies digitales que je dois proc\u00e9der \u00e0 la cr\u00e9ation de ce CV sous forme de site internet. <\/p>\n\n\n\n<p>A travers la navigation de ce site internet, vous d\u00e9couvrirez <a href=\"http:\/\/l3cisd23.l3-digital.fr\/index.php\/mes-centres-dinteret-2\/\" data-type=\"page\" data-id=\"77\">Mes centres d\u2019int\u00e9r\u00eat<\/a>, <a href=\"http:\/\/l3cisd23.l3-digital.fr\/index.php\/mes-experiences\/\" data-type=\"page\" data-id=\"14\">Mes exp\u00e9riences<\/a>, <a href=\"http:\/\/l3cisd23.l3-digital.fr\/index.php\/mes-competences\/\" data-type=\"page\" data-id=\"17\">Mes comp\u00e9tences<\/a> et <a href=\"http:\/\/l3cisd23.l3-digital.fr\/index.php\/mon-projet-davenir\/\" data-type=\"page\" data-id=\"19\">Mon projet d\u2019avenir<\/a>. <\/p>\n","protected":false},"excerpt":{"rendered":"<p>Je suis un \u00e9tudiant actuellement inscrit \u00e0 l&rsquo;Institut d&rsquo;Administration des Entreprises (IAE) de Saint-\u00c9tienne, o\u00f9 je poursuis mes \u00e9tudes dans la fili\u00e8re Management et Gestion des Organisations (MGO). En tant qu&rsquo;\u00e9tudiant en MGO, j&rsquo;\u00e9tudie les diff\u00e9rents aspects du management et de la gestion des organisations. La polyvalence de cette fili\u00e8re nous am\u00e8ne \u00e0 aborder des domaines aussi vari\u00e9s que le marketing, la finance, les ressources humaines ou encore la strat\u00e9gie d&rsquo;entreprise. Et c&rsquo;est dans le cadre de l&rsquo;enseignement de Marketing et strat\u00e9gies digitales que je dois proc\u00e9der \u00e0 la cr\u00e9ation de ce CV sous forme de site internet. A travers la navigation de ce site internet, vous d\u00e9couvrirez Mes centres d\u2019int\u00e9r\u00eat, Mes exp\u00e9riences, Mes comp\u00e9tences et Mon projet d\u2019avenir.<\/p>\n","protected":false},"author":1,"featured_media":0,"parent":0,"menu_order":0,"comment_status":"closed","ping_status":"closed","template":"","meta":{"footnotes":""},"class_list":["post-8","page","type-page","status-publish","hentry"],"_links":{"self":[{"href":"https:\/\/l3cisd23.l3-digital.fr\/index.php\/wp-json\/wp\/v2\/pages\/8","targetHints":{"allow":["GET"]}}],"collection":[{"href":"https:\/\/l3cisd23.l3-digital.fr\/index.php\/wp-json\/wp\/v2\/pages"}],"about":[{"href":"https:\/\/l3cisd23.l3-digital.fr\/index.php\/wp-json\/wp\/v2\/types\/page"}],"author":[{"embeddable":true,"href":"https:\/\/l3cisd23.l3-digital.fr\/index.php\/wp-json\/wp\/v2\/users\/1"}],"replies":[{"embeddable":true,"href":"https:\/\/l3cisd23.l3-digital.fr\/index.php\/wp-json\/wp\/v2\/comments?post=8"}],"version-history":[{"count":12,"href":"https:\/\/l3cisd23.l3-digital.fr\/index.php\/wp-json\/wp\/v2\/pages\/8\/revisions"}],"predecessor-version":[{"id":157,"href":"https:\/\/l3cisd23.l3-digital.fr\/index.php\/wp-json\/wp\/v2\/pages\/8\/revisions\/157"}],"wp:attachment":[{"href":"https:\/\/l3cisd23.l3-digital.fr\/index.php\/wp-json\/wp\/v2\/media?parent=8"}],"curies":[{"name":"wp","href":"https:\/\/api.w.org\/{rel}","templated":true}]}}