{"id":64,"date":"2024-02-15T17:27:30","date_gmt":"2024-02-15T16:27:30","guid":{"rendered":"http:\/\/l3cisd23.l3-digital.fr\/?page_id=64"},"modified":"2024-03-11T00:24:18","modified_gmt":"2024-03-10T23:24:18","slug":"les-planches-a-albigny","status":"publish","type":"page","link":"https:\/\/l3cisd23.l3-digital.fr\/index.php\/les-planches-a-albigny\/","title":{"rendered":"\u00ab\u00a0Les Planches\u00a0\u00bb \u00e0 Albigny"},"content":{"rendered":"\n<div style=\"height:50px\" aria-hidden=\"true\" class=\"wp-block-spacer\"><\/div>\n\n\n\n<h2 class=\"wp-block-heading\">Pr\u00e9sentation<\/h2>\n\n\n\n<p>Pour ma premi\u00e8re exp\u00e9rience professionnel, j&rsquo;ai fais une saison enti\u00e8re, de fin juin \u00e0 fin ao\u00fbt dans le restaurant \u00ab\u00a0Les Planches\u00a0\u00bb qui se situe \u00e0 Albigny-sur-Sa\u00f4ne, au nord de Lyon. J&rsquo;ai eu la chance de vivre une exp\u00e9rience professionnelle enrichissante. <\/p>\n\n\n\n<p>Le restaurant \u00ab\u00a0Les Planches\u00a0\u00bb \u00e0 Albigny-sur-Sa\u00f4ne est un restaurant nich\u00e9 le long des bords de la Sa\u00f4ne, il offre une exp\u00e9rience \u00e0 la fois gastronomique et festive certains soir mais \u00e9galement unique avec son cadre puisque les clients peuvent avoir une vue imprenable sur la Sa\u00f4ne depuis leurs tables.<\/p>\n\n\n<div class=\"wp-block-image\">\n<figure class=\"aligncenter size-full is-resized\"><a href=\"https:\/\/www.lesplancheslyon.fr\/\"><img loading=\"lazy\" decoding=\"async\" width=\"287\" height=\"234\" src=\"http:\/\/l3cisd23.l3-digital.fr\/wp-content\/uploads\/2024\/02\/OIP-1.jpeg\" alt=\"\" class=\"wp-image-65\" style=\"width:354px;height:auto\"\/><\/a><figcaption class=\"wp-element-caption\"><a href=\"https:\/\/www.lesplancheslyon.fr\/\">https:\/\/www.lesplancheslyon.fr\/<\/a><\/figcaption><\/figure>\n<\/div>\n\n\n<h2 class=\"wp-block-heading\">Mon exp\u00e9rience aux Planches<\/h2>\n\n\n\n<p>Mon r\u00f4le ne se limitait pas seulement \u00e0 servir les clients r\u00e9guliers, mais s&rsquo;\u00e9tendait \u00e9galement \u00e0 participer \u00e0 l&rsquo;organisation d&rsquo;\u00e9v\u00e9nements sp\u00e9ciaux tels que des soir\u00e9es privatis\u00e9es, des mariages et des s\u00e9minaires. En effet, les \u00e9v\u00e8nements sont assez fr\u00e9quents au sein du restaurant ce qui m&rsquo;a permis d&rsquo;acqu\u00e9rir une v\u00e9ritable exp\u00e9rience dans ce domaine. <\/p>\n\n\n\n<figure class=\"wp-block-video aligncenter\"><video height=\"1232\" style=\"aspect-ratio: 672 \/ 1232;\" width=\"672\" controls src=\"http:\/\/l3cisd23.l3-digital.fr\/wp-content\/uploads\/2024\/03\/filtered-FF56974F-13C8-4E1E-BE4A-6A89B455E1B0.mov\"><\/video><figcaption class=\"wp-element-caption\">Feu d&rsquo;artifice organis\u00e9 \u00e0 la suite d&rsquo;un \u00e9v\u00e8nement. <\/figcaption><\/figure>\n\n\n\n<h2 class=\"wp-block-heading\">Comp\u00e9tences acquises<\/h2>\n\n\n\n<p>Cette exp\u00e9rience m&rsquo;a permis de d\u00e9velopper <a href=\"http:\/\/l3cisd23.l3-digital.fr\/index.php\/mes-competences\/\" data-type=\"page\" data-id=\"17\">Mes comp\u00e9tences<\/a> en communication et en organisation dans un environnement dynamique et exigeant. J&rsquo;ai appris \u00e0 travailler sous pression tout en maintenant un haut niveau de service client. La capacit\u00e9 \u00e0 m&rsquo;adapter rapidement aux changements de derni\u00e8re minute et \u00e0 r\u00e9soudre efficacement les probl\u00e8mes impr\u00e9vus a \u00e9t\u00e9 particuli\u00e8rement pr\u00e9cieuse.<\/p>\n\n\n<div class=\"wp-block-image\">\n<figure class=\"aligncenter size-full\"><img loading=\"lazy\" decoding=\"async\" width=\"311\" height=\"291\" src=\"http:\/\/l3cisd23.l3-digital.fr\/wp-content\/uploads\/2024\/03\/image-5.png\" alt=\"\" class=\"wp-image-237\" srcset=\"https:\/\/l3cisd23.l3-digital.fr\/wp-content\/uploads\/2024\/03\/image-5.png 311w, https:\/\/l3cisd23.l3-digital.fr\/wp-content\/uploads\/2024\/03\/image-5-300x281.png 300w\" sizes=\"auto, (max-width: 311px) 100vw, 311px\" \/><\/figure>\n<\/div>\n\n\n<h2 class=\"wp-block-heading\">Conclusion<\/h2>\n\n\n\n<p>Au-del\u00e0 des comp\u00e9tences techniques acquises, cette exp\u00e9rience m&rsquo;a \u00e9galement permis de cultiver des valeurs telles que le travail d&rsquo;\u00e9quipe, le sens du d\u00e9tail et du service. Je suis convaincu que les comp\u00e9tences et les le\u00e7ons apprises au cours de cette saison seront pr\u00e9cieuses pour mes futures opportunit\u00e9s professionnelles.<\/p>\n\n\n<div class=\"wp-block-image\">\n<figure class=\"aligncenter size-full is-resized\"><img loading=\"lazy\" decoding=\"async\" width=\"425\" height=\"335\" src=\"http:\/\/l3cisd23.l3-digital.fr\/wp-content\/uploads\/2024\/03\/image-4.png\" alt=\"\" class=\"wp-image-235\" style=\"width:289px;height:auto\" srcset=\"https:\/\/l3cisd23.l3-digital.fr\/wp-content\/uploads\/2024\/03\/image-4.png 425w, https:\/\/l3cisd23.l3-digital.fr\/wp-content\/uploads\/2024\/03\/image-4-300x236.png 300w\" sizes=\"auto, (max-width: 425px) 100vw, 425px\" \/><\/figure>\n<\/div>","protected":false},"excerpt":{"rendered":"<p>Pr\u00e9sentation Pour ma premi\u00e8re exp\u00e9rience professionnel, j&rsquo;ai fais une saison enti\u00e8re, de fin juin \u00e0 fin ao\u00fbt dans le restaurant \u00ab\u00a0Les Planches\u00a0\u00bb qui se situe \u00e0 Albigny-sur-Sa\u00f4ne, au nord de Lyon. J&rsquo;ai eu la chance de vivre une exp\u00e9rience professionnelle enrichissante. Le restaurant \u00ab\u00a0Les Planches\u00a0\u00bb \u00e0 Albigny-sur-Sa\u00f4ne est un restaurant nich\u00e9 le long des bords de la Sa\u00f4ne, il offre une exp\u00e9rience \u00e0 la fois gastronomique et festive certains soir mais \u00e9galement unique avec son cadre puisque les clients peuvent avoir une vue imprenable sur la Sa\u00f4ne depuis leurs tables. Mon exp\u00e9rience aux Planches Mon r\u00f4le ne se limitait pas seulement \u00e0 servir les clients r\u00e9guliers, mais s&rsquo;\u00e9tendait \u00e9galement \u00e0 participer \u00e0 l&rsquo;organisation d&rsquo;\u00e9v\u00e9nements sp\u00e9ciaux tels que des soir\u00e9es privatis\u00e9es, des mariages et des s\u00e9minaires. En effet, les \u00e9v\u00e8nements sont assez fr\u00e9quents au sein du restaurant ce qui m&rsquo;a permis d&rsquo;acqu\u00e9rir une v\u00e9ritable exp\u00e9rience dans ce domaine. Comp\u00e9tences acquises Cette exp\u00e9rience m&rsquo;a permis de d\u00e9velopper Mes comp\u00e9tences en communication et en organisation dans un environnement dynamique et exigeant. J&rsquo;ai appris \u00e0 travailler sous pression tout en maintenant un haut niveau de service client. La capacit\u00e9 \u00e0 m&rsquo;adapter rapidement aux changements de derni\u00e8re minute et \u00e0 r\u00e9soudre efficacement les probl\u00e8mes impr\u00e9vus a \u00e9t\u00e9 particuli\u00e8rement pr\u00e9cieuse. Conclusion Au-del\u00e0 des comp\u00e9tences techniques acquises, cette exp\u00e9rience m&rsquo;a \u00e9galement permis de cultiver des valeurs telles que le travail d&rsquo;\u00e9quipe, le sens du d\u00e9tail et du service. Je suis convaincu que les comp\u00e9tences et les le\u00e7ons apprises au cours de cette saison seront pr\u00e9cieuses pour mes futures opportunit\u00e9s professionnelles.<\/p>\n","protected":false},"author":2,"featured_media":0,"parent":0,"menu_order":0,"comment_status":"closed","ping_status":"closed","template":"","meta":{"footnotes":""},"class_list":["post-64","page","type-page","status-publish","hentry"],"_links":{"self":[{"href":"https:\/\/l3cisd23.l3-digital.fr\/index.php\/wp-json\/wp\/v2\/pages\/64","targetHints":{"allow":["GET"]}}],"collection":[{"href":"https:\/\/l3cisd23.l3-digital.fr\/index.php\/wp-json\/wp\/v2\/pages"}],"about":[{"href":"https:\/\/l3cisd23.l3-digital.fr\/index.php\/wp-json\/wp\/v2\/types\/page"}],"author":[{"embeddable":true,"href":"https:\/\/l3cisd23.l3-digital.fr\/index.php\/wp-json\/wp\/v2\/users\/2"}],"replies":[{"embeddable":true,"href":"https:\/\/l3cisd23.l3-digital.fr\/index.php\/wp-json\/wp\/v2\/comments?post=64"}],"version-history":[{"count":10,"href":"https:\/\/l3cisd23.l3-digital.fr\/index.php\/wp-json\/wp\/v2\/pages\/64\/revisions"}],"predecessor-version":[{"id":238,"href":"https:\/\/l3cisd23.l3-digital.fr\/index.php\/wp-json\/wp\/v2\/pages\/64\/revisions\/238"}],"wp:attachment":[{"href":"https:\/\/l3cisd23.l3-digital.fr\/index.php\/wp-json\/wp\/v2\/media?parent=64"}],"curies":[{"name":"wp","href":"https:\/\/api.w.org\/{rel}","templated":true}]}}