{"id":60,"date":"2024-02-15T17:15:29","date_gmt":"2024-02-15T16:15:29","guid":{"rendered":"http:\/\/l3cisd23.l3-digital.fr\/?page_id=60"},"modified":"2024-03-11T00:11:20","modified_gmt":"2024-03-10T23:11:20","slug":"liae-de-saint-etienne","status":"publish","type":"page","link":"https:\/\/l3cisd23.l3-digital.fr\/index.php\/liae-de-saint-etienne\/","title":{"rendered":"L&rsquo;IAE de Saint-Etienne."},"content":{"rendered":"\n<div style=\"height:47px\" aria-hidden=\"true\" class=\"wp-block-spacer\"><\/div>\n\n\n\n<h2 class=\"wp-block-heading\">Apr\u00e8s un baccalaur\u00e9at scientifique   <\/h2>\n\n\n\n<p>A la suite de l&rsquo;obtention de mon baccalaur\u00e9at scientifique, j&rsquo;ai fais un choix assez pertinent pour un lyc\u00e9en issu de la fili\u00e8re scientifique, et je me suis orient\u00e9 en \u00e9tude de m\u00e9decine, \u00e0 la facult\u00e9 Jacques Lisfranc de Saint-Etienne. <\/p>\n\n\n<div class=\"wp-block-image\">\n<figure class=\"aligncenter size-full is-resized\"><a href=\"https:\/\/medecine.univ-st-etienne.fr\/fr\/index.html\"><img loading=\"lazy\" decoding=\"async\" width=\"310\" height=\"234\" src=\"http:\/\/l3cisd23.l3-digital.fr\/wp-content\/uploads\/2024\/02\/OIP.jpeg\" alt=\"\" class=\"wp-image-61\" style=\"width:490px;height:auto\" srcset=\"https:\/\/l3cisd23.l3-digital.fr\/wp-content\/uploads\/2024\/02\/OIP.jpeg 310w, https:\/\/l3cisd23.l3-digital.fr\/wp-content\/uploads\/2024\/02\/OIP-300x226.jpeg 300w\" sizes=\"auto, (max-width: 310px) 100vw, 310px\" \/><\/a><figcaption class=\"wp-element-caption\"><a href=\"https:\/\/medecine.univ-st-etienne.fr\/fr\/index.html\">https:\/\/medecine.univ-st-etienne.fr\/fr\/index.html<\/a><\/figcaption><\/figure>\n<\/div>\n\n\n<p>Et au cours de cette ann\u00e9e, je me suis rendu compte que l&rsquo;on ne pouvait poursuivre une voie que si elle nous int\u00e9ressait vraiment et que quelqu&rsquo;un de passionn\u00e9 surpassera toujours une autre personne qui ne l&rsquo;est pas. <\/p>\n\n\n\n<p>Pour ces raisons, j&rsquo;ai d\u00e9cid\u00e9 de ne pas r\u00e9essayer de passer ma P1 et de me r\u00e9orienter vers quelques chose de tout nouveau. J&rsquo;ai fini par rejoindre l&rsquo;IAE de Saint-Etienne. <\/p>\n\n\n\n<h2 class=\"wp-block-heading\">Pourquoi ai-je choisi l&rsquo;IAE ? <\/h2>\n\n\n\n<p>Durant mon ann\u00e9e de PASS, j&rsquo;ai eu l&rsquo;occasion de prendre l&rsquo;option \u00e9conomie gestion, qui \u00e9tait dispens\u00e9 par des professeurs de l&rsquo;IAE, c&rsquo;est comme cela que j&rsquo;ai choisi de rejoindre l&rsquo;IAE. <\/p>\n\n\n<div class=\"wp-block-image\">\n<figure class=\"aligncenter size-full is-resized\"><a href=\"https:\/\/iae.univ-st-etienne.fr\/fr\/index.html\"><img loading=\"lazy\" decoding=\"async\" width=\"720\" height=\"430\" src=\"http:\/\/l3cisd23.l3-digital.fr\/wp-content\/uploads\/2024\/02\/521553_prv.jpeg\" alt=\"\" class=\"wp-image-62\" style=\"width:454px;height:auto\" srcset=\"https:\/\/l3cisd23.l3-digital.fr\/wp-content\/uploads\/2024\/02\/521553_prv.jpeg 720w, https:\/\/l3cisd23.l3-digital.fr\/wp-content\/uploads\/2024\/02\/521553_prv-300x179.jpeg 300w\" sizes=\"auto, (max-width: 720px) 100vw, 720px\" \/><\/a><figcaption class=\"wp-element-caption\"><a href=\"https:\/\/iae.univ-st-etienne.fr\/fr\/index.html\">https:\/\/iae.univ-st-etienne.fr\/fr\/index.html<\/a><\/figcaption><\/figure>\n<\/div>\n\n\n<h2 class=\"wp-block-heading\">Une tr\u00e8s bonne d\u00e9cision <\/h2>\n\n\n\n<p>Au sein de l&rsquo;IAE, j&rsquo;ai suivi de nombreux enseignement, de qualit\u00e9, et qui pour la plupart m&rsquo;ont plu et m&rsquo;ont permis de m&rsquo;\u00e9clairer un peu plus sur mes choix futurs concernant ma poursuite d&rsquo;\u00e9tude et mon orientation.<\/p>\n","protected":false},"excerpt":{"rendered":"<p>Apr\u00e8s un baccalaur\u00e9at scientifique A la suite de l&rsquo;obtention de mon baccalaur\u00e9at scientifique, j&rsquo;ai fais un choix assez pertinent pour un lyc\u00e9en issu de la fili\u00e8re scientifique, et je me suis orient\u00e9 en \u00e9tude de m\u00e9decine, \u00e0 la facult\u00e9 Jacques Lisfranc de Saint-Etienne. Et au cours de cette ann\u00e9e, je me suis rendu compte que l&rsquo;on ne pouvait poursuivre une voie que si elle nous int\u00e9ressait vraiment et que quelqu&rsquo;un de passionn\u00e9 surpassera toujours une autre personne qui ne l&rsquo;est pas. Pour ces raisons, j&rsquo;ai d\u00e9cid\u00e9 de ne pas r\u00e9essayer de passer ma P1 et de me r\u00e9orienter vers quelques chose de tout nouveau. J&rsquo;ai fini par rejoindre l&rsquo;IAE de Saint-Etienne. Pourquoi ai-je choisi l&rsquo;IAE ? Durant mon ann\u00e9e de PASS, j&rsquo;ai eu l&rsquo;occasion de prendre l&rsquo;option \u00e9conomie gestion, qui \u00e9tait dispens\u00e9 par des professeurs de l&rsquo;IAE, c&rsquo;est comme cela que j&rsquo;ai choisi de rejoindre l&rsquo;IAE. Une tr\u00e8s bonne d\u00e9cision Au sein de l&rsquo;IAE, j&rsquo;ai suivi de nombreux enseignement, de qualit\u00e9, et qui pour la plupart m&rsquo;ont plu et m&rsquo;ont permis de m&rsquo;\u00e9clairer un peu plus sur mes choix futurs concernant ma poursuite d&rsquo;\u00e9tude et mon orientation.<\/p>\n","protected":false},"author":2,"featured_media":0,"parent":0,"menu_order":0,"comment_status":"closed","ping_status":"closed","template":"","meta":{"footnotes":""},"class_list":["post-60","page","type-page","status-publish","hentry"],"_links":{"self":[{"href":"https:\/\/l3cisd23.l3-digital.fr\/index.php\/wp-json\/wp\/v2\/pages\/60","targetHints":{"allow":["GET"]}}],"collection":[{"href":"https:\/\/l3cisd23.l3-digital.fr\/index.php\/wp-json\/wp\/v2\/pages"}],"about":[{"href":"https:\/\/l3cisd23.l3-digital.fr\/index.php\/wp-json\/wp\/v2\/types\/page"}],"author":[{"embeddable":true,"href":"https:\/\/l3cisd23.l3-digital.fr\/index.php\/wp-json\/wp\/v2\/users\/2"}],"replies":[{"embeddable":true,"href":"https:\/\/l3cisd23.l3-digital.fr\/index.php\/wp-json\/wp\/v2\/comments?post=60"}],"version-history":[{"count":7,"href":"https:\/\/l3cisd23.l3-digital.fr\/index.php\/wp-json\/wp\/v2\/pages\/60\/revisions"}],"predecessor-version":[{"id":223,"href":"https:\/\/l3cisd23.l3-digital.fr\/index.php\/wp-json\/wp\/v2\/pages\/60\/revisions\/223"}],"wp:attachment":[{"href":"https:\/\/l3cisd23.l3-digital.fr\/index.php\/wp-json\/wp\/v2\/media?parent=60"}],"curies":[{"name":"wp","href":"https:\/\/api.w.org\/{rel}","templated":true}]}}