{"id":48,"date":"2024-02-05T11:49:39","date_gmt":"2024-02-05T10:49:39","guid":{"rendered":"http:\/\/l3cisd23.l3-digital.fr\/?page_id=48"},"modified":"2024-03-08T13:34:42","modified_gmt":"2024-03-08T12:34:42","slug":"le-lycee-julien-wittmer","status":"publish","type":"page","link":"https:\/\/l3cisd23.l3-digital.fr\/index.php\/le-lycee-julien-wittmer\/","title":{"rendered":"Le lyc\u00e9e Julien Wittmer"},"content":{"rendered":"\n<h2 class=\"wp-block-heading\">Un peu d&rsquo;histoire <\/h2>\n\n\n\n<p>Le lyc\u00e9e Julien Wittmer est un \u00e9tablissement rempli d&rsquo;histoire, dans un premier temps, il porte le nom d&rsquo;un lieutenant qui a \u00e9t\u00e9 r\u00e9sistant durant la Seconde Guerre Mondiale et qui a particip\u00e9 \u00e0 la lib\u00e9ration de Villefranche-sur-Sa\u00f4ne. <\/p>\n\n\n\n<figure class=\"wp-block-image size-full is-resized\"><a href=\"https:\/\/www.lycee-wittmer.net\/etablissement\/un-peu-d-histoire\/116\/julien-wittmer\/\"><img loading=\"lazy\" decoding=\"async\" width=\"495\" height=\"800\" src=\"http:\/\/l3cisd23.l3-digital.fr\/wp-content\/uploads\/2024\/02\/Julien_Wittmer.jpg\" alt=\"\" class=\"wp-image-50\" style=\"width:246px;height:auto\" srcset=\"https:\/\/l3cisd23.l3-digital.fr\/wp-content\/uploads\/2024\/02\/Julien_Wittmer.jpg 495w, https:\/\/l3cisd23.l3-digital.fr\/wp-content\/uploads\/2024\/02\/Julien_Wittmer-186x300.jpg 186w\" sizes=\"auto, (max-width: 495px) 100vw, 495px\" \/><\/a><figcaption class=\"wp-element-caption\">Julien Wittmer vers 1943<\/figcaption><\/figure>\n\n\n\n<p>De plus, cet \u00e9tablissement est le plus ancien du comt\u00e9 Charolais, il existe depuis 1629, et avoir eu la possibilit\u00e9 de poursuivre mon enseignement scientifique dans ce lyc\u00e9e rempli d&rsquo;histoire a \u00e9t\u00e9 une excellente exp\u00e9rience.<\/p>\n\n\n\n<h2 class=\"wp-block-heading\">Mes ann\u00e9es au lyc\u00e9e Julien Wittmer<\/h2>\n\n\n\n<p>Pour commencer, du fait que ce lyc\u00e9e est le lyc\u00e9e de secteur de Sa\u00f4ne-et-Loire, j&rsquo;ai eu la chance de retrouver la plupart de mes amis dans ce coll\u00e8ge. Les ann\u00e9es que j&rsquo;ai effectu\u00e9 au lyc\u00e9e ont \u00e9t\u00e9 les meilleurs ann\u00e9es de ma scolarit\u00e9 tant au niveau de l&rsquo;enseignement fourni que du cadre dans lequel se trouve le lyc\u00e9e. <\/p>\n\n\n\n<figure class=\"wp-block-image size-large\"><a href=\"https:\/\/www.lycee-wittmer.net\/etablissement\/sites\/90\/le-site-champagny\/\"><img loading=\"lazy\" decoding=\"async\" width=\"1024\" height=\"682\" src=\"http:\/\/l3cisd23.l3-digital.fr\/wp-content\/uploads\/2024\/02\/R-1024x682.jpg\" alt=\"\" class=\"wp-image-52\" srcset=\"https:\/\/l3cisd23.l3-digital.fr\/wp-content\/uploads\/2024\/02\/R-1024x682.jpg 1024w, https:\/\/l3cisd23.l3-digital.fr\/wp-content\/uploads\/2024\/02\/R-300x200.jpg 300w, https:\/\/l3cisd23.l3-digital.fr\/wp-content\/uploads\/2024\/02\/R-768x512.jpg 768w, https:\/\/l3cisd23.l3-digital.fr\/wp-content\/uploads\/2024\/02\/R-1536x1023.jpg 1536w, https:\/\/l3cisd23.l3-digital.fr\/wp-content\/uploads\/2024\/02\/R-1200x800.jpg 1200w, https:\/\/l3cisd23.l3-digital.fr\/wp-content\/uploads\/2024\/02\/R.jpg 1600w\" sizes=\"auto, (max-width: 1024px) 100vw, 1024px\" \/><\/a><\/figure>\n\n\n\n<p>Au sein de cette \u00e9tablissement, j&rsquo;ai suivi un parcours assez banal, en effet je me suis sp\u00e9cialis\u00e9 en enseignement scientifique d\u00e8s la premi\u00e8re avec pour sp\u00e9cialit\u00e9 en terminale la physique chimie. <\/p>\n\n\n\n<figure class=\"wp-block-image size-full\"><img loading=\"lazy\" decoding=\"async\" width=\"1024\" height=\"768\" src=\"http:\/\/l3cisd23.l3-digital.fr\/wp-content\/uploads\/2024\/02\/Laboratoire_de_biochimie.jpg\" alt=\"\" class=\"wp-image-57\" srcset=\"https:\/\/l3cisd23.l3-digital.fr\/wp-content\/uploads\/2024\/02\/Laboratoire_de_biochimie.jpg 1024w, https:\/\/l3cisd23.l3-digital.fr\/wp-content\/uploads\/2024\/02\/Laboratoire_de_biochimie-300x225.jpg 300w, https:\/\/l3cisd23.l3-digital.fr\/wp-content\/uploads\/2024\/02\/Laboratoire_de_biochimie-768x576.jpg 768w\" sizes=\"auto, (max-width: 1024px) 100vw, 1024px\" \/><\/figure>\n\n\n\n<p>Finalement, j&rsquo;ai obtenu mon baccalaur\u00e9at scientifique avec mention assez bien durant l&rsquo;ann\u00e9e 2020.<\/p>\n","protected":false},"excerpt":{"rendered":"<p>Un peu d&rsquo;histoire Le lyc\u00e9e Julien Wittmer est un \u00e9tablissement rempli d&rsquo;histoire, dans un premier temps, il porte le nom d&rsquo;un lieutenant qui a \u00e9t\u00e9 r\u00e9sistant durant la Seconde Guerre Mondiale et qui a particip\u00e9 \u00e0 la lib\u00e9ration de Villefranche-sur-Sa\u00f4ne. De plus, cet \u00e9tablissement est le plus ancien du comt\u00e9 Charolais, il existe depuis 1629, et avoir eu la possibilit\u00e9 de poursuivre mon enseignement scientifique dans ce lyc\u00e9e rempli d&rsquo;histoire a \u00e9t\u00e9 une excellente exp\u00e9rience. Mes ann\u00e9es au lyc\u00e9e Julien Wittmer Pour commencer, du fait que ce lyc\u00e9e est le lyc\u00e9e de secteur de Sa\u00f4ne-et-Loire, j&rsquo;ai eu la chance de retrouver la plupart de mes amis dans ce coll\u00e8ge. Les ann\u00e9es que j&rsquo;ai effectu\u00e9 au lyc\u00e9e ont \u00e9t\u00e9 les meilleurs ann\u00e9es de ma scolarit\u00e9 tant au niveau de l&rsquo;enseignement fourni que du cadre dans lequel se trouve le lyc\u00e9e. Au sein de cette \u00e9tablissement, j&rsquo;ai suivi un parcours assez banal, en effet je me suis sp\u00e9cialis\u00e9 en enseignement scientifique d\u00e8s la premi\u00e8re avec pour sp\u00e9cialit\u00e9 en terminale la physique chimie. Finalement, j&rsquo;ai obtenu mon baccalaur\u00e9at scientifique avec mention assez bien durant l&rsquo;ann\u00e9e 2020.<\/p>\n","protected":false},"author":1,"featured_media":0,"parent":0,"menu_order":0,"comment_status":"closed","ping_status":"closed","template":"","meta":{"footnotes":""},"class_list":["post-48","page","type-page","status-publish","hentry"],"_links":{"self":[{"href":"https:\/\/l3cisd23.l3-digital.fr\/index.php\/wp-json\/wp\/v2\/pages\/48","targetHints":{"allow":["GET"]}}],"collection":[{"href":"https:\/\/l3cisd23.l3-digital.fr\/index.php\/wp-json\/wp\/v2\/pages"}],"about":[{"href":"https:\/\/l3cisd23.l3-digital.fr\/index.php\/wp-json\/wp\/v2\/types\/page"}],"author":[{"embeddable":true,"href":"https:\/\/l3cisd23.l3-digital.fr\/index.php\/wp-json\/wp\/v2\/users\/1"}],"replies":[{"embeddable":true,"href":"https:\/\/l3cisd23.l3-digital.fr\/index.php\/wp-json\/wp\/v2\/comments?post=48"}],"version-history":[{"count":11,"href":"https:\/\/l3cisd23.l3-digital.fr\/index.php\/wp-json\/wp\/v2\/pages\/48\/revisions"}],"predecessor-version":[{"id":210,"href":"https:\/\/l3cisd23.l3-digital.fr\/index.php\/wp-json\/wp\/v2\/pages\/48\/revisions\/210"}],"wp:attachment":[{"href":"https:\/\/l3cisd23.l3-digital.fr\/index.php\/wp-json\/wp\/v2\/media?parent=48"}],"curies":[{"name":"wp","href":"https:\/\/api.w.org\/{rel}","templated":true}]}}