{"id":44,"date":"2024-02-05T11:40:52","date_gmt":"2024-02-05T10:40:52","guid":{"rendered":"http:\/\/l3cisd23.l3-digital.fr\/?page_id=44"},"modified":"2024-02-05T11:40:52","modified_gmt":"2024-02-05T10:40:52","slug":"la-lecture","status":"publish","type":"page","link":"https:\/\/l3cisd23.l3-digital.fr\/index.php\/la-lecture\/","title":{"rendered":"La Lecture"},"content":{"rendered":"\n<div style=\"height:25px\" aria-hidden=\"true\" class=\"wp-block-spacer\"><\/div>\n\n\n\n<p>Mes lectures pr\u00e9f\u00e9r\u00e9 sont g\u00e9n\u00e9ralement li\u00e9s aux domaines de la finance ou de la fiscalit\u00e9. Le dernier livre que j\u2019ai lu est celui d\u2019un ancien juge d\u2019instruction au p\u00f4le financier de Paris qui se nomme Renaud Van Ruymbeke et qui a \u00e9crit \u00ab&nbsp;Offshore&nbsp;\u00bb qui explique clairement les diff\u00e9rents m\u00e9canismes permettant les fraudes fiscales. Une de mes lectures actuelles est un des rapports de la TRACFIN (2022-2023) qui porte notamment sur le blanchiment de capitaux.<\/p>\n\n\n\n<p>N\u00e9anmoins, ma passion ne se limite pas seulement \u00e0 ce domaine de la finance et de la fiscalit\u00e9, puisqu\u2019une de mes lectures pr\u00e9f\u00e9r\u00e9 actuellement est un livre de Jean-Paul Sartre \u00ab&nbsp;L\u2019existentialisme est un humanisme&nbsp;\u00bb. Dans le m\u00eame genre, j&rsquo;ai \u00e9galement lu \u00ab\u00a0Le Prince\u00a0\u00bb de Machiavel. <\/p>\n\n\n\n<figure class=\"wp-block-image size-large is-resized\"><img loading=\"lazy\" decoding=\"async\" width=\"1024\" height=\"580\" src=\"http:\/\/l3cisd23.l3-digital.fr\/wp-content\/uploads\/2024\/02\/1200x680_000_par7762921-1024x580.jpg\" alt=\"\" class=\"wp-image-37\" style=\"width:415px;height:auto\" srcset=\"https:\/\/l3cisd23.l3-digital.fr\/wp-content\/uploads\/2024\/02\/1200x680_000_par7762921-1024x580.jpg 1024w, https:\/\/l3cisd23.l3-digital.fr\/wp-content\/uploads\/2024\/02\/1200x680_000_par7762921-300x170.jpg 300w, https:\/\/l3cisd23.l3-digital.fr\/wp-content\/uploads\/2024\/02\/1200x680_000_par7762921-768x435.jpg 768w, https:\/\/l3cisd23.l3-digital.fr\/wp-content\/uploads\/2024\/02\/1200x680_000_par7762921.jpg 1200w\" sizes=\"auto, (max-width: 1024px) 100vw, 1024px\" \/><figcaption class=\"wp-element-caption\">Renaud Van Ruymbeke<\/figcaption><\/figure>\n\n\n<div class=\"wp-block-image\">\n<figure class=\"aligncenter size-full is-resized\"><img loading=\"lazy\" decoding=\"async\" width=\"474\" height=\"615\" src=\"http:\/\/l3cisd23.l3-digital.fr\/wp-content\/uploads\/2024\/02\/OIP.jpg\" alt=\"\" class=\"wp-image-38\" style=\"width:212px;height:auto\" srcset=\"https:\/\/l3cisd23.l3-digital.fr\/wp-content\/uploads\/2024\/02\/OIP.jpg 474w, https:\/\/l3cisd23.l3-digital.fr\/wp-content\/uploads\/2024\/02\/OIP-231x300.jpg 231w\" sizes=\"auto, (max-width: 474px) 100vw, 474px\" \/><figcaption class=\"wp-element-caption\">Jean-Paul Sartre<\/figcaption><\/figure>\n<\/div>\n\n\n<blockquote class=\"wp-block-quote has-text-align-right is-layout-flow wp-block-quote-is-layout-flow\">\n<p>Dans la vie on ne fait pas ce que l&rsquo;on veut mais on est responsable de ce que l&rsquo;on est.<\/p>\n<cite>Jean-Paul Sartre<\/cite><\/blockquote>\n\n\n\n<blockquote class=\"wp-block-quote is-layout-flow wp-block-quote-is-layout-flow\">\n<p>L\u00e0 o\u00f9 la volont\u00e9 est grande, les difficult\u00e9s diminuent.<\/p>\n<cite>Nicolas Machiavel<\/cite><\/blockquote>\n","protected":false},"excerpt":{"rendered":"<p>Mes lectures pr\u00e9f\u00e9r\u00e9 sont g\u00e9n\u00e9ralement li\u00e9s aux domaines de la finance ou de la fiscalit\u00e9. Le dernier livre que j\u2019ai lu est celui d\u2019un ancien juge d\u2019instruction au p\u00f4le financier de Paris qui se nomme Renaud Van Ruymbeke et qui a \u00e9crit \u00ab&nbsp;Offshore&nbsp;\u00bb qui explique clairement les diff\u00e9rents m\u00e9canismes permettant les fraudes fiscales. Une de mes lectures actuelles est un des rapports de la TRACFIN (2022-2023) qui porte notamment sur le blanchiment de capitaux. N\u00e9anmoins, ma passion ne se limite pas seulement \u00e0 ce domaine de la finance et de la fiscalit\u00e9, puisqu\u2019une de mes lectures pr\u00e9f\u00e9r\u00e9 actuellement est un livre de Jean-Paul Sartre \u00ab&nbsp;L\u2019existentialisme est un humanisme&nbsp;\u00bb. Dans le m\u00eame genre, j&rsquo;ai \u00e9galement lu \u00ab\u00a0Le Prince\u00a0\u00bb de Machiavel. Dans la vie on ne fait pas ce que l&rsquo;on veut mais on est responsable de ce que l&rsquo;on est. Jean-Paul Sartre L\u00e0 o\u00f9 la volont\u00e9 est grande, les difficult\u00e9s diminuent. Nicolas Machiavel<\/p>\n","protected":false},"author":1,"featured_media":0,"parent":0,"menu_order":0,"comment_status":"closed","ping_status":"closed","template":"","meta":{"footnotes":""},"class_list":["post-44","page","type-page","status-publish","hentry"],"_links":{"self":[{"href":"https:\/\/l3cisd23.l3-digital.fr\/index.php\/wp-json\/wp\/v2\/pages\/44","targetHints":{"allow":["GET"]}}],"collection":[{"href":"https:\/\/l3cisd23.l3-digital.fr\/index.php\/wp-json\/wp\/v2\/pages"}],"about":[{"href":"https:\/\/l3cisd23.l3-digital.fr\/index.php\/wp-json\/wp\/v2\/types\/page"}],"author":[{"embeddable":true,"href":"https:\/\/l3cisd23.l3-digital.fr\/index.php\/wp-json\/wp\/v2\/users\/1"}],"replies":[{"embeddable":true,"href":"https:\/\/l3cisd23.l3-digital.fr\/index.php\/wp-json\/wp\/v2\/comments?post=44"}],"version-history":[{"count":1,"href":"https:\/\/l3cisd23.l3-digital.fr\/index.php\/wp-json\/wp\/v2\/pages\/44\/revisions"}],"predecessor-version":[{"id":45,"href":"https:\/\/l3cisd23.l3-digital.fr\/index.php\/wp-json\/wp\/v2\/pages\/44\/revisions\/45"}],"wp:attachment":[{"href":"https:\/\/l3cisd23.l3-digital.fr\/index.php\/wp-json\/wp\/v2\/media?parent=44"}],"curies":[{"name":"wp","href":"https:\/\/api.w.org\/{rel}","templated":true}]}}