{"id":19,"date":"2024-02-05T10:34:55","date_gmt":"2024-02-05T09:34:55","guid":{"rendered":"http:\/\/l3cisd23.l3-digital.fr\/?page_id=19"},"modified":"2024-03-08T13:53:17","modified_gmt":"2024-03-08T12:53:17","slug":"mon-projet-davenir","status":"publish","type":"page","link":"https:\/\/l3cisd23.l3-digital.fr\/index.php\/mon-projet-davenir\/","title":{"rendered":"Mon projet d&rsquo;avenir"},"content":{"rendered":"\n<div style=\"height:63px\" aria-hidden=\"true\" class=\"wp-block-spacer\"><\/div>\n\n\n\n<h2 class=\"wp-block-heading\">Mes anciens projets<\/h2>\n\n\n\n<p>Dans un premier temps, mon projet d\u2019avenir \u00e9tait de travailler \u00e0 tout prix dans le secteur de l&rsquo;immobilier. En effet, j&rsquo;ai toujours \u00e9t\u00e9 attir\u00e9 par la beaut\u00e9 de ce secteur et du fait de sa vari\u00e9t\u00e9. Puisque que l&rsquo;immobilier, c&rsquo;est principalement deux classes d&rsquo;actifs : l&rsquo;immobilier r\u00e9sidentiel et l&rsquo;immobilier d&rsquo;entreprise. <\/p>\n\n\n\n<p>L&rsquo;immobilier r\u00e9sidentiel concerne principalement les particuliers \u00e0 la recherche de biens pour y habiter. Alors que l&rsquo;immobilier d&rsquo;entreprise quant \u00e0 lui englobe vraiment la totalit\u00e9 des activit\u00e9s humaines avec l&rsquo;immobilier de bureaux, de logistique, de retail et les h\u00f4tels. <\/p>\n\n\n\n<p>Chaque actif fonctionne avec des clients diff\u00e9rents, logique diff\u00e9rente, tout est diff\u00e9rent en fonction de l\u2019actif. Et c&rsquo;est \u00e7a que j&rsquo;appr\u00e9cie \u00e9norm\u00e9ment dans ce secteur. <\/p>\n\n\n<div class=\"wp-block-image\">\n<figure class=\"aligncenter size-full\"><img loading=\"lazy\" decoding=\"async\" width=\"370\" height=\"247\" src=\"http:\/\/l3cisd23.l3-digital.fr\/wp-content\/uploads\/2024\/03\/OIP-2.jpeg\" alt=\"\" class=\"wp-image-110\" srcset=\"https:\/\/l3cisd23.l3-digital.fr\/wp-content\/uploads\/2024\/03\/OIP-2.jpeg 370w, https:\/\/l3cisd23.l3-digital.fr\/wp-content\/uploads\/2024\/03\/OIP-2-300x200.jpeg 300w\" sizes=\"auto, (max-width: 370px) 100vw, 370px\" \/><\/figure>\n<\/div>\n\n\n<p>N\u00e9anmoins, au cours de ma troisi\u00e8me ann\u00e9e de licence, je me suis \u00e9norm\u00e9ment questionn\u00e9 notamment sur mon orientation, en prenant en compte mon app\u00e9tence pour l&rsquo;actualit\u00e9 \u00e9conomique, de mon go\u00fbt pour le droit et surtout la fiscalit\u00e9, j&rsquo;en ai d\u00e9duis que l&rsquo;immobilier ne serait peut \u00eatre pas le meilleur choix pour moi, pour mon avenir, et cela n&rsquo;enl\u00e8ve en rien la valeur que j&rsquo;accorde \u00e0 ce domaine. <\/p>\n\n\n<div class=\"wp-block-image\">\n<figure class=\"aligncenter size-large is-resized\"><img loading=\"lazy\" decoding=\"async\" width=\"750\" height=\"1024\" src=\"http:\/\/l3cisd23.l3-digital.fr\/wp-content\/uploads\/2024\/03\/R-750x1024.png\" alt=\"\" class=\"wp-image-111\" style=\"width:163px;height:auto\" srcset=\"https:\/\/l3cisd23.l3-digital.fr\/wp-content\/uploads\/2024\/03\/R-750x1024.png 750w, https:\/\/l3cisd23.l3-digital.fr\/wp-content\/uploads\/2024\/03\/R-220x300.png 220w, https:\/\/l3cisd23.l3-digital.fr\/wp-content\/uploads\/2024\/03\/R-768x1048.png 768w, https:\/\/l3cisd23.l3-digital.fr\/wp-content\/uploads\/2024\/03\/R-1125x1536.png 1125w, https:\/\/l3cisd23.l3-digital.fr\/wp-content\/uploads\/2024\/03\/R-1500x2048.png 1500w, https:\/\/l3cisd23.l3-digital.fr\/wp-content\/uploads\/2024\/03\/R-1200x1638.png 1200w, https:\/\/l3cisd23.l3-digital.fr\/wp-content\/uploads\/2024\/03\/R-1980x2702.png 1980w, https:\/\/l3cisd23.l3-digital.fr\/wp-content\/uploads\/2024\/03\/R.png 2028w\" sizes=\"auto, (max-width: 750px) 100vw, 750px\" \/><\/figure>\n<\/div>\n\n\n<div style=\"height:15px\" aria-hidden=\"true\" class=\"wp-block-spacer\"><\/div>\n\n\n\n<h2 class=\"wp-block-heading\">Mon nouveau projet<\/h2>\n\n\n\n<p>Ce choix n\u2019a donc pas \u00e9t\u00e9 une \u00e9vidence pour moi, m\u00eame si ce projet est le fruit d\u2019un raisonnement plut\u00f4t simple, j\u2019aime particuli\u00e8rement la lecture li\u00e9 \u00e0 la finance et la fiscalit\u00e9. De plus, les mati\u00e8res que j\u2019appr\u00e9cie le plus suivre sont souvent li\u00e9 au droit, au diagnostic financier. C\u2019est l\u2019analyse et la r\u00e9solution des probl\u00e8mes pos\u00e9 dans ces mati\u00e8res, la mani\u00e8re de r\u00e9soudre les probl\u00e8mes, la recherche de solution alternative, ce sont ces choses qui me donne envie de poursuivre mes \u00e9tudes dans le domaine de la finance et plus pr\u00e9cis\u00e9ment en audit financier. <\/p>\n\n\n\n<div style=\"height:52px\" aria-hidden=\"true\" class=\"wp-block-spacer\"><\/div>\n\n\n\n<figure class=\"wp-block-image size-full is-resized\"><img loading=\"lazy\" decoding=\"async\" width=\"332\" height=\"234\" src=\"http:\/\/l3cisd23.l3-digital.fr\/wp-content\/uploads\/2024\/03\/OIP-3.jpeg\" alt=\"\" class=\"wp-image-112\" style=\"width:444px;height:auto\" srcset=\"https:\/\/l3cisd23.l3-digital.fr\/wp-content\/uploads\/2024\/03\/OIP-3.jpeg 332w, https:\/\/l3cisd23.l3-digital.fr\/wp-content\/uploads\/2024\/03\/OIP-3-300x211.jpeg 300w\" sizes=\"auto, (max-width: 332px) 100vw, 332px\" \/><\/figure>\n","protected":false},"excerpt":{"rendered":"<p>Mes anciens projets Dans un premier temps, mon projet d\u2019avenir \u00e9tait de travailler \u00e0 tout prix dans le secteur de l&rsquo;immobilier. En effet, j&rsquo;ai toujours \u00e9t\u00e9 attir\u00e9 par la beaut\u00e9 de ce secteur et du fait de sa vari\u00e9t\u00e9. Puisque que l&rsquo;immobilier, c&rsquo;est principalement deux classes d&rsquo;actifs : l&rsquo;immobilier r\u00e9sidentiel et l&rsquo;immobilier d&rsquo;entreprise. L&rsquo;immobilier r\u00e9sidentiel concerne principalement les particuliers \u00e0 la recherche de biens pour y habiter. Alors que l&rsquo;immobilier d&rsquo;entreprise quant \u00e0 lui englobe vraiment la totalit\u00e9 des activit\u00e9s humaines avec l&rsquo;immobilier de bureaux, de logistique, de retail et les h\u00f4tels. Chaque actif fonctionne avec des clients diff\u00e9rents, logique diff\u00e9rente, tout est diff\u00e9rent en fonction de l\u2019actif. Et c&rsquo;est \u00e7a que j&rsquo;appr\u00e9cie \u00e9norm\u00e9ment dans ce secteur. N\u00e9anmoins, au cours de ma troisi\u00e8me ann\u00e9e de licence, je me suis \u00e9norm\u00e9ment questionn\u00e9 notamment sur mon orientation, en prenant en compte mon app\u00e9tence pour l&rsquo;actualit\u00e9 \u00e9conomique, de mon go\u00fbt pour le droit et surtout la fiscalit\u00e9, j&rsquo;en ai d\u00e9duis que l&rsquo;immobilier ne serait peut \u00eatre pas le meilleur choix pour moi, pour mon avenir, et cela n&rsquo;enl\u00e8ve en rien la valeur que j&rsquo;accorde \u00e0 ce domaine. Mon nouveau projet Ce choix n\u2019a donc pas \u00e9t\u00e9 une \u00e9vidence pour moi, m\u00eame si ce projet est le fruit d\u2019un raisonnement plut\u00f4t simple, j\u2019aime particuli\u00e8rement la lecture li\u00e9 \u00e0 la finance et la fiscalit\u00e9. De plus, les mati\u00e8res que j\u2019appr\u00e9cie le plus suivre sont souvent li\u00e9 au droit, au diagnostic financier. C\u2019est l\u2019analyse et la r\u00e9solution des probl\u00e8mes pos\u00e9 dans ces mati\u00e8res, la mani\u00e8re de r\u00e9soudre les probl\u00e8mes, la recherche de solution alternative, ce sont ces choses qui me donne envie de poursuivre mes \u00e9tudes dans le domaine de la finance et plus pr\u00e9cis\u00e9ment en audit financier.<\/p>\n","protected":false},"author":1,"featured_media":0,"parent":0,"menu_order":0,"comment_status":"closed","ping_status":"closed","template":"","meta":{"footnotes":""},"class_list":["post-19","page","type-page","status-publish","hentry"],"_links":{"self":[{"href":"https:\/\/l3cisd23.l3-digital.fr\/index.php\/wp-json\/wp\/v2\/pages\/19","targetHints":{"allow":["GET"]}}],"collection":[{"href":"https:\/\/l3cisd23.l3-digital.fr\/index.php\/wp-json\/wp\/v2\/pages"}],"about":[{"href":"https:\/\/l3cisd23.l3-digital.fr\/index.php\/wp-json\/wp\/v2\/types\/page"}],"author":[{"embeddable":true,"href":"https:\/\/l3cisd23.l3-digital.fr\/index.php\/wp-json\/wp\/v2\/users\/1"}],"replies":[{"embeddable":true,"href":"https:\/\/l3cisd23.l3-digital.fr\/index.php\/wp-json\/wp\/v2\/comments?post=19"}],"version-history":[{"count":4,"href":"https:\/\/l3cisd23.l3-digital.fr\/index.php\/wp-json\/wp\/v2\/pages\/19\/revisions"}],"predecessor-version":[{"id":211,"href":"https:\/\/l3cisd23.l3-digital.fr\/index.php\/wp-json\/wp\/v2\/pages\/19\/revisions\/211"}],"wp:attachment":[{"href":"https:\/\/l3cisd23.l3-digital.fr\/index.php\/wp-json\/wp\/v2\/media?parent=19"}],"curies":[{"name":"wp","href":"https:\/\/api.w.org\/{rel}","templated":true}]}}