{"id":188,"date":"2024-03-08T11:24:39","date_gmt":"2024-03-08T10:24:39","guid":{"rendered":"http:\/\/l3cisd23.l3-digital.fr\/?page_id=188"},"modified":"2024-03-11T00:18:53","modified_gmt":"2024-03-10T23:18:53","slug":"stage-en-boutique","status":"publish","type":"page","link":"https:\/\/l3cisd23.l3-digital.fr\/index.php\/stage-en-boutique\/","title":{"rendered":"Stage en boutique"},"content":{"rendered":"\n<h2 class=\"wp-block-heading\">Pr\u00e9sentation de la boutique <\/h2>\n\n\n\n<p>D&amp;Chic c\u2019est une boutique de v\u00eatements qui propose des articles pour les hommes et les femmes. Cette<br>boutique a ouvert ses portes le 26 novembre 2022 dans le centre-ville de Saint-Etienne. Situ\u00e9e dans un emplacement strat\u00e9gique, elle propose une large gamme de v\u00eatements milieu de gamme pour les hommes et les femmes, allant des tenues d\u00e9contract\u00e9es \u00e0 des tenues plut\u00f4t chic. Les clients peuvent s&rsquo;attendre \u00e0 trouver des articles de qualit\u00e9, s\u00e9lectionn\u00e9 avec soin pour r\u00e9pondre aux go\u00fbts de la client\u00e8le vis\u00e9e.<\/p>\n\n\n<div class=\"wp-block-image\">\n<figure class=\"aligncenter size-full is-resized\"><img loading=\"lazy\" decoding=\"async\" width=\"449\" height=\"330\" src=\"http:\/\/l3cisd23.l3-digital.fr\/wp-content\/uploads\/2024\/03\/image.png\" alt=\"\" class=\"wp-image-224\" style=\"width:313px;height:auto\" srcset=\"https:\/\/l3cisd23.l3-digital.fr\/wp-content\/uploads\/2024\/03\/image.png 449w, https:\/\/l3cisd23.l3-digital.fr\/wp-content\/uploads\/2024\/03\/image-300x220.png 300w\" sizes=\"auto, (max-width: 449px) 100vw, 449px\" \/><\/figure>\n<\/div>\n\n\n<h2 class=\"wp-block-heading\">Comp\u00e9tences d\u00e9velopp\u00e9es<\/h2>\n\n\n\n<p>De plus, cette exp\u00e9rience dans un magasin de v\u00eatements m&rsquo;a permis d&rsquo;am\u00e9liorer <a href=\"http:\/\/l3cisd23.l3-digital.fr\/index.php\/mes-competences\/\" data-type=\"page\" data-id=\"17\">Mes comp\u00e9tences<\/a> en communication et en relation client. Mon r\u00f4le de vendeur en boutique consistait \u00e0 interagir quotidiennement avec les clients, \u00e0 les accompagner dans la recherche de v\u00eatements et \u00e0 leur offrir une exp\u00e9rience d&rsquo;achat agr\u00e9able. Gr\u00e2ce \u00e0 cela, j&rsquo;ai pu am\u00e9liorer ma capacit\u00e9 \u00e0 \u00e9couter attentivement, \u00e0 saisir les besoins des clients et \u00e0 donner des conseils appropri\u00e9s.<\/p>\n\n\n<div class=\"wp-block-image\">\n<figure class=\"aligncenter size-full is-resized\"><img loading=\"lazy\" decoding=\"async\" width=\"439\" height=\"347\" src=\"http:\/\/l3cisd23.l3-digital.fr\/wp-content\/uploads\/2024\/03\/image-1.png\" alt=\"\" class=\"wp-image-226\" style=\"width:297px;height:auto\" srcset=\"https:\/\/l3cisd23.l3-digital.fr\/wp-content\/uploads\/2024\/03\/image-1.png 439w, https:\/\/l3cisd23.l3-digital.fr\/wp-content\/uploads\/2024\/03\/image-1-300x237.png 300w\" sizes=\"auto, (max-width: 439px) 100vw, 439px\" \/><\/figure>\n<\/div>\n\n\n<h2 class=\"wp-block-heading\">Processus de vente<\/h2>\n\n\n\n<p>La vente dans une boutique de v\u00eatements implique une interaction avec le client, des conseils et une force de persuasion afin de pouvoir r\u00e9pondre aux diff\u00e9rentes objections que peut formuler le client \u00e0 l&rsquo;\u00e9gard de notre offre. De plus, il est crucial d&rsquo;avoir une communication efficace afin de cr\u00e9er une bonne relation avec les clients, de prendre le temps de bien saisir leurs besoins et leurs pr\u00e9f\u00e9rences, et de les orienter vers les produits qui leur conviennent le mieux. <\/p>\n\n\n\n<p>Il est \u00e9galement essentiel d&rsquo;avoir une connaissance sur les caract\u00e9ristiques des v\u00eatements, les mat\u00e9riaux utilis\u00e9s et les diff\u00e9rentes gammes disponibles. En outre, la ma\u00eetrise des signaux non verbaux des clients peut permettre de mesurer leur niveau d&rsquo;int\u00e9r\u00eat et d&rsquo;adapter les recommandations en cons\u00e9quence. <\/p>\n\n\n\n<p>Finalement, il est essentiel de pouvoir conclure la vente, en proposant un service client apr\u00e8s l&rsquo;achat, afin d&rsquo;assurer la satisfaction du client et de favoriser la fid\u00e9lit\u00e9 \u00e0 long terme.<\/p>\n\n\n<div class=\"wp-block-image\">\n<figure class=\"aligncenter size-full\"><img loading=\"lazy\" decoding=\"async\" width=\"412\" height=\"330\" src=\"http:\/\/l3cisd23.l3-digital.fr\/wp-content\/uploads\/2024\/03\/image-2.png\" alt=\"\" class=\"wp-image-228\" srcset=\"https:\/\/l3cisd23.l3-digital.fr\/wp-content\/uploads\/2024\/03\/image-2.png 412w, https:\/\/l3cisd23.l3-digital.fr\/wp-content\/uploads\/2024\/03\/image-2-300x240.png 300w\" sizes=\"auto, (max-width: 412px) 100vw, 412px\" \/><\/figure>\n<\/div>\n\n\n<h2 class=\"wp-block-heading\">Conclusion<\/h2>\n\n\n\n<p>En conclusion, mon stage m&rsquo;a permis de d\u00e9couvrir le m\u00e9tier de vendeur en boutique dans son ensemble, j&rsquo;ai pu observer tout ce qui \u00e9tait fait par la vendeuse. J&rsquo;ai aussi eu la chance de pouvoir faire l&rsquo;ouverture de la boutique plusieurs fois, et de pr\u00e9parer le magasin pour la client\u00e8le. Un des points qui m&rsquo;a le plus \u00e9tonn\u00e9, c&rsquo;est l&rsquo;importance du merchandising dans un magasin et les cons\u00e9quences qu&rsquo;il peut avoir sur la client\u00e8le selon le fait qu&rsquo;il soit bien r\u00e9alis\u00e9 ou non. Un des g\u00e9rants m&rsquo;a \u00e9norm\u00e9ment aid\u00e9 gr\u00e2ce \u00e0 lui j&rsquo;ai pu obtenir un v\u00e9ritable feedback sur mes r\u00e9alisations et j&rsquo;ai pu m&rsquo;am\u00e9liorer avec son aide et ses conseils.<\/p>\n\n\n<div class=\"wp-block-image\">\n<figure class=\"aligncenter size-full is-resized\"><img loading=\"lazy\" decoding=\"async\" width=\"363\" height=\"355\" src=\"http:\/\/l3cisd23.l3-digital.fr\/wp-content\/uploads\/2024\/03\/image-3.png\" alt=\"\" class=\"wp-image-230\" style=\"width:203px;height:auto\" srcset=\"https:\/\/l3cisd23.l3-digital.fr\/wp-content\/uploads\/2024\/03\/image-3.png 363w, https:\/\/l3cisd23.l3-digital.fr\/wp-content\/uploads\/2024\/03\/image-3-300x293.png 300w\" sizes=\"auto, (max-width: 363px) 100vw, 363px\" \/><\/figure>\n<\/div>","protected":false},"excerpt":{"rendered":"<p>Pr\u00e9sentation de la boutique D&amp;Chic c\u2019est une boutique de v\u00eatements qui propose des articles pour les hommes et les femmes. Cetteboutique a ouvert ses portes le 26 novembre 2022 dans le centre-ville de Saint-Etienne. Situ\u00e9e dans un emplacement strat\u00e9gique, elle propose une large gamme de v\u00eatements milieu de gamme pour les hommes et les femmes, allant des tenues d\u00e9contract\u00e9es \u00e0 des tenues plut\u00f4t chic. Les clients peuvent s&rsquo;attendre \u00e0 trouver des articles de qualit\u00e9, s\u00e9lectionn\u00e9 avec soin pour r\u00e9pondre aux go\u00fbts de la client\u00e8le vis\u00e9e. Comp\u00e9tences d\u00e9velopp\u00e9es De plus, cette exp\u00e9rience dans un magasin de v\u00eatements m&rsquo;a permis d&rsquo;am\u00e9liorer Mes comp\u00e9tences en communication et en relation client. Mon r\u00f4le de vendeur en boutique consistait \u00e0 interagir quotidiennement avec les clients, \u00e0 les accompagner dans la recherche de v\u00eatements et \u00e0 leur offrir une exp\u00e9rience d&rsquo;achat agr\u00e9able. Gr\u00e2ce \u00e0 cela, j&rsquo;ai pu am\u00e9liorer ma capacit\u00e9 \u00e0 \u00e9couter attentivement, \u00e0 saisir les besoins des clients et \u00e0 donner des conseils appropri\u00e9s. Processus de vente La vente dans une boutique de v\u00eatements implique une interaction avec le client, des conseils et une force de persuasion afin de pouvoir r\u00e9pondre aux diff\u00e9rentes objections que peut formuler le client \u00e0 l&rsquo;\u00e9gard de notre offre. De plus, il est crucial d&rsquo;avoir une communication efficace afin de cr\u00e9er une bonne relation avec les clients, de prendre le temps de bien saisir leurs besoins et leurs pr\u00e9f\u00e9rences, et de les orienter vers les produits qui leur conviennent le mieux. Il est \u00e9galement essentiel d&rsquo;avoir une connaissance sur les caract\u00e9ristiques des v\u00eatements, les mat\u00e9riaux utilis\u00e9s et les diff\u00e9rentes gammes disponibles. En outre, la ma\u00eetrise des signaux non verbaux des clients peut permettre de mesurer leur niveau d&rsquo;int\u00e9r\u00eat et d&rsquo;adapter les recommandations en cons\u00e9quence. Finalement, il est essentiel de pouvoir conclure la vente, en proposant un service client apr\u00e8s l&rsquo;achat, afin d&rsquo;assurer la satisfaction du client et de favoriser la fid\u00e9lit\u00e9 \u00e0 long terme. Conclusion En conclusion, mon stage m&rsquo;a permis de d\u00e9couvrir le m\u00e9tier de vendeur en boutique dans son ensemble, j&rsquo;ai pu observer tout ce qui \u00e9tait fait par la vendeuse. J&rsquo;ai aussi eu la chance de pouvoir faire l&rsquo;ouverture de la boutique plusieurs fois, et de pr\u00e9parer le magasin pour la client\u00e8le. Un des points qui m&rsquo;a le plus \u00e9tonn\u00e9, c&rsquo;est l&rsquo;importance du merchandising dans un magasin et les cons\u00e9quences qu&rsquo;il peut avoir sur la client\u00e8le selon le fait qu&rsquo;il soit bien r\u00e9alis\u00e9 ou non. Un des g\u00e9rants m&rsquo;a \u00e9norm\u00e9ment aid\u00e9 gr\u00e2ce \u00e0 lui j&rsquo;ai pu obtenir un v\u00e9ritable feedback sur mes r\u00e9alisations et j&rsquo;ai pu m&rsquo;am\u00e9liorer avec son aide et ses conseils.<\/p>\n","protected":false},"author":2,"featured_media":0,"parent":0,"menu_order":0,"comment_status":"closed","ping_status":"closed","template":"","meta":{"footnotes":""},"class_list":["post-188","page","type-page","status-publish","hentry"],"_links":{"self":[{"href":"https:\/\/l3cisd23.l3-digital.fr\/index.php\/wp-json\/wp\/v2\/pages\/188","targetHints":{"allow":["GET"]}}],"collection":[{"href":"https:\/\/l3cisd23.l3-digital.fr\/index.php\/wp-json\/wp\/v2\/pages"}],"about":[{"href":"https:\/\/l3cisd23.l3-digital.fr\/index.php\/wp-json\/wp\/v2\/types\/page"}],"author":[{"embeddable":true,"href":"https:\/\/l3cisd23.l3-digital.fr\/index.php\/wp-json\/wp\/v2\/users\/2"}],"replies":[{"embeddable":true,"href":"https:\/\/l3cisd23.l3-digital.fr\/index.php\/wp-json\/wp\/v2\/comments?post=188"}],"version-history":[{"count":7,"href":"https:\/\/l3cisd23.l3-digital.fr\/index.php\/wp-json\/wp\/v2\/pages\/188\/revisions"}],"predecessor-version":[{"id":231,"href":"https:\/\/l3cisd23.l3-digital.fr\/index.php\/wp-json\/wp\/v2\/pages\/188\/revisions\/231"}],"wp:attachment":[{"href":"https:\/\/l3cisd23.l3-digital.fr\/index.php\/wp-json\/wp\/v2\/media?parent=188"}],"curies":[{"name":"wp","href":"https:\/\/api.w.org\/{rel}","templated":true}]}}