{"id":12,"date":"2024-02-05T10:35:20","date_gmt":"2024-02-05T09:35:20","guid":{"rendered":"http:\/\/l3cisd23.l3-digital.fr\/?page_id=12"},"modified":"2024-03-07T18:58:41","modified_gmt":"2024-03-07T17:58:41","slug":"mes-formations","status":"publish","type":"page","link":"https:\/\/l3cisd23.l3-digital.fr\/index.php\/mes-formations\/","title":{"rendered":"Mes formations"},"content":{"rendered":"\n<div style=\"height:100px\" aria-hidden=\"true\" class=\"wp-block-spacer\"><\/div>\n\n\n\n<p>A partir de cet onglet, vous d\u00e9couvrirez les formations scolaires que j&rsquo;ai suivi au cours des derni\u00e8res ann\u00e9es. Un rapide aper\u00e7u de mon parcours \u00e9ducatif, marqu\u00e9 par deux \u00e9tapes importantes : mon passage dans <a href=\"http:\/\/l3cisd23.l3-digital.fr\/index.php\/le-lycee-julien-wittmer\/\" data-type=\"page\" data-id=\"48\">Le lyc\u00e9e Julien Wittmer<\/a>, suivi de mon exp\u00e9rience \u00e0 <a href=\"http:\/\/l3cisd23.l3-digital.fr\/index.php\/liae-de-saint-etienne\/\" data-type=\"page\" data-id=\"60\">L\u2019IAE de Saint-Etienne.<\/a><\/p>\n\n\n\n<p>\u00c0 travers ces deux pages d\u00e9di\u00e9es \u00e0 mes formations, je souhaite partager avec vous les moments cl\u00e9s de mon parcours \u00e9ducatif, ainsi que les enseignements et les exp\u00e9riences qui ont contribu\u00e9 \u00e0 forger ma vision du monde et mes aspirations professionnelles.<\/p>\n\n\n\n<p>Avec cela, vous comprendrez les raisons de mes choix qui m&rsquo;ont amen\u00e9 \u00e0 poursuivre mes \u00e9tudes sup\u00e9rieur \u00e0 l&rsquo;IAE de Saint-Etienne. <\/p>\n","protected":false},"excerpt":{"rendered":"<p>A partir de cet onglet, vous d\u00e9couvrirez les formations scolaires que j&rsquo;ai suivi au cours des derni\u00e8res ann\u00e9es. Un rapide aper\u00e7u de mon parcours \u00e9ducatif, marqu\u00e9 par deux \u00e9tapes importantes : mon passage dans Le lyc\u00e9e Julien Wittmer, suivi de mon exp\u00e9rience \u00e0 L\u2019IAE de Saint-Etienne. \u00c0 travers ces deux pages d\u00e9di\u00e9es \u00e0 mes formations, je souhaite partager avec vous les moments cl\u00e9s de mon parcours \u00e9ducatif, ainsi que les enseignements et les exp\u00e9riences qui ont contribu\u00e9 \u00e0 forger ma vision du monde et mes aspirations professionnelles. Avec cela, vous comprendrez les raisons de mes choix qui m&rsquo;ont amen\u00e9 \u00e0 poursuivre mes \u00e9tudes sup\u00e9rieur \u00e0 l&rsquo;IAE de Saint-Etienne.<\/p>\n","protected":false},"author":1,"featured_media":0,"parent":0,"menu_order":0,"comment_status":"closed","ping_status":"closed","template":"","meta":{"footnotes":""},"class_list":["post-12","page","type-page","status-publish","hentry"],"_links":{"self":[{"href":"https:\/\/l3cisd23.l3-digital.fr\/index.php\/wp-json\/wp\/v2\/pages\/12","targetHints":{"allow":["GET"]}}],"collection":[{"href":"https:\/\/l3cisd23.l3-digital.fr\/index.php\/wp-json\/wp\/v2\/pages"}],"about":[{"href":"https:\/\/l3cisd23.l3-digital.fr\/index.php\/wp-json\/wp\/v2\/types\/page"}],"author":[{"embeddable":true,"href":"https:\/\/l3cisd23.l3-digital.fr\/index.php\/wp-json\/wp\/v2\/users\/1"}],"replies":[{"embeddable":true,"href":"https:\/\/l3cisd23.l3-digital.fr\/index.php\/wp-json\/wp\/v2\/comments?post=12"}],"version-history":[{"count":6,"href":"https:\/\/l3cisd23.l3-digital.fr\/index.php\/wp-json\/wp\/v2\/pages\/12\/revisions"}],"predecessor-version":[{"id":174,"href":"https:\/\/l3cisd23.l3-digital.fr\/index.php\/wp-json\/wp\/v2\/pages\/12\/revisions\/174"}],"wp:attachment":[{"href":"https:\/\/l3cisd23.l3-digital.fr\/index.php\/wp-json\/wp\/v2\/media?parent=12"}],"curies":[{"name":"wp","href":"https:\/\/api.w.org\/{rel}","templated":true}]}}