{"id":10,"date":"2024-02-05T10:36:10","date_gmt":"2024-02-05T09:36:10","guid":{"rendered":"http:\/\/l3cisd23.l3-digital.fr\/?page_id=10"},"modified":"2024-03-08T11:22:59","modified_gmt":"2024-03-08T10:22:59","slug":"mes-centres-dinteret","status":"publish","type":"page","link":"https:\/\/l3cisd23.l3-digital.fr\/index.php\/mes-centres-dinteret\/","title":{"rendered":"La boxe anglaise"},"content":{"rendered":"\n<h2 class=\"wp-block-heading\"> <\/h2>\n\n\n\n<p>La boxe anglaise est un sport que je pratique r\u00e9guli\u00e8rement depuis la rentr\u00e9e 2023, au sein du club de \u00ab\u00a0Saint-Etienne Boxing Olympique\u00a0\u00bb. Avant de pratiquer ce sport, je regardais \u00e9norm\u00e9ment de combat professionnel, notamment ceux de professionnel am\u00e9ricain. <\/p>\n\n\n\n<figure class=\"wp-block-image size-large\"><img loading=\"lazy\" decoding=\"async\" width=\"1024\" height=\"576\" src=\"http:\/\/l3cisd23.l3-digital.fr\/wp-content\/uploads\/2024\/02\/Davis-1024x576.jpg\" alt=\"\" class=\"wp-image-30\" srcset=\"https:\/\/l3cisd23.l3-digital.fr\/wp-content\/uploads\/2024\/02\/Davis-1024x576.jpg 1024w, https:\/\/l3cisd23.l3-digital.fr\/wp-content\/uploads\/2024\/02\/Davis-300x169.jpg 300w, https:\/\/l3cisd23.l3-digital.fr\/wp-content\/uploads\/2024\/02\/Davis-768x432.jpg 768w, https:\/\/l3cisd23.l3-digital.fr\/wp-content\/uploads\/2024\/02\/Davis-1200x675.jpg 1200w, https:\/\/l3cisd23.l3-digital.fr\/wp-content\/uploads\/2024\/02\/Davis.jpg 1280w\" sizes=\"auto, (max-width: 1024px) 100vw, 1024px\" \/><\/figure>\n\n\n\n<p>Aujourd&rsquo;hui, je regarde beaucoup plus de combat de diff\u00e9rents combattants. Parfois, je regarde ces combats avec des analyses faites par des sp\u00e9cialistes afin d&rsquo;\u00e9tudier les diff\u00e9rents styles de mes boxeur favori. En effet, selon les endroits o\u00f9 ces combattants se sont form\u00e9s, leurs styles sont extr\u00eamement diff\u00e9rents, et c&rsquo;est cette vari\u00e9t\u00e9 de style qui est fascinante. <\/p>\n\n\n<div class=\"wp-block-image\">\n<figure class=\"aligncenter size-full is-resized\"><img loading=\"lazy\" decoding=\"async\" width=\"768\" height=\"432\" src=\"http:\/\/l3cisd23.l3-digital.fr\/wp-content\/uploads\/2024\/02\/IMG_1039.jpg\" alt=\"\" class=\"wp-image-32\" style=\"width:268px;height:auto\" srcset=\"https:\/\/l3cisd23.l3-digital.fr\/wp-content\/uploads\/2024\/02\/IMG_1039.jpg 768w, https:\/\/l3cisd23.l3-digital.fr\/wp-content\/uploads\/2024\/02\/IMG_1039-300x169.jpg 300w\" sizes=\"auto, (max-width: 768px) 100vw, 768px\" \/><figcaption class=\"wp-element-caption\">Sugar Ray Leonard<\/figcaption><\/figure>\n<\/div>\n\n\n<figure class=\"wp-block-image size-full is-resized\"><img loading=\"lazy\" decoding=\"async\" width=\"750\" height=\"540\" src=\"http:\/\/l3cisd23.l3-digital.fr\/wp-content\/uploads\/2024\/02\/IMG_1038-1.jpg\" alt=\"\" class=\"wp-image-36\" style=\"width:308px;height:auto\" srcset=\"https:\/\/l3cisd23.l3-digital.fr\/wp-content\/uploads\/2024\/02\/IMG_1038-1.jpg 750w, https:\/\/l3cisd23.l3-digital.fr\/wp-content\/uploads\/2024\/02\/IMG_1038-1-300x216.jpg 300w\" sizes=\"auto, (max-width: 750px) 100vw, 750px\" \/><figcaption class=\"wp-element-caption\">Andre Ward <\/figcaption><\/figure>\n\n\n<div class=\"wp-block-image\">\n<figure class=\"aligncenter size-large is-resized\"><img loading=\"lazy\" decoding=\"async\" width=\"1024\" height=\"1024\" src=\"http:\/\/l3cisd23.l3-digital.fr\/wp-content\/uploads\/2024\/02\/IMG_1037-1-1024x1024.webp\" alt=\"\" class=\"wp-image-35\" style=\"width:341px;height:auto\" srcset=\"https:\/\/l3cisd23.l3-digital.fr\/wp-content\/uploads\/2024\/02\/IMG_1037-1-1024x1024.webp 1024w, https:\/\/l3cisd23.l3-digital.fr\/wp-content\/uploads\/2024\/02\/IMG_1037-1-300x300.webp 300w, https:\/\/l3cisd23.l3-digital.fr\/wp-content\/uploads\/2024\/02\/IMG_1037-1-150x150.webp 150w, https:\/\/l3cisd23.l3-digital.fr\/wp-content\/uploads\/2024\/02\/IMG_1037-1-768x768.webp 768w, https:\/\/l3cisd23.l3-digital.fr\/wp-content\/uploads\/2024\/02\/IMG_1037-1.webp 1200w\" sizes=\"auto, (max-width: 1024px) 100vw, 1024px\" \/><figcaption class=\"wp-element-caption\">Devin Haney <\/figcaption><\/figure>\n<\/div>\n\n\n<p>J&rsquo;aime tous les aspects de ce sport, et particuli\u00e8rement les aspects techniques et strat\u00e9giques de celui-ci. Et surtout ce qu&rsquo;il implique, et les valeurs qu&rsquo;il inculque tel que la discipline et la pers\u00e9v\u00e9rance qui sont fondamentales dans chaque domaine de la vie. <\/p>\n","protected":false},"excerpt":{"rendered":"<p>La boxe anglaise est un sport que je pratique r\u00e9guli\u00e8rement depuis la rentr\u00e9e 2023, au sein du club de \u00ab\u00a0Saint-Etienne Boxing Olympique\u00a0\u00bb. Avant de pratiquer ce sport, je regardais \u00e9norm\u00e9ment de combat professionnel, notamment ceux de professionnel am\u00e9ricain. Aujourd&rsquo;hui, je regarde beaucoup plus de combat de diff\u00e9rents combattants. Parfois, je regarde ces combats avec des analyses faites par des sp\u00e9cialistes afin d&rsquo;\u00e9tudier les diff\u00e9rents styles de mes boxeur favori. En effet, selon les endroits o\u00f9 ces combattants se sont form\u00e9s, leurs styles sont extr\u00eamement diff\u00e9rents, et c&rsquo;est cette vari\u00e9t\u00e9 de style qui est fascinante. J&rsquo;aime tous les aspects de ce sport, et particuli\u00e8rement les aspects techniques et strat\u00e9giques de celui-ci. Et surtout ce qu&rsquo;il implique, et les valeurs qu&rsquo;il inculque tel que la discipline et la pers\u00e9v\u00e9rance qui sont fondamentales dans chaque domaine de la vie.<\/p>\n","protected":false},"author":1,"featured_media":0,"parent":0,"menu_order":0,"comment_status":"closed","ping_status":"closed","template":"","meta":{"footnotes":""},"class_list":["post-10","page","type-page","status-publish","hentry"],"_links":{"self":[{"href":"https:\/\/l3cisd23.l3-digital.fr\/index.php\/wp-json\/wp\/v2\/pages\/10","targetHints":{"allow":["GET"]}}],"collection":[{"href":"https:\/\/l3cisd23.l3-digital.fr\/index.php\/wp-json\/wp\/v2\/pages"}],"about":[{"href":"https:\/\/l3cisd23.l3-digital.fr\/index.php\/wp-json\/wp\/v2\/types\/page"}],"author":[{"embeddable":true,"href":"https:\/\/l3cisd23.l3-digital.fr\/index.php\/wp-json\/wp\/v2\/users\/1"}],"replies":[{"embeddable":true,"href":"https:\/\/l3cisd23.l3-digital.fr\/index.php\/wp-json\/wp\/v2\/comments?post=10"}],"version-history":[{"count":7,"href":"https:\/\/l3cisd23.l3-digital.fr\/index.php\/wp-json\/wp\/v2\/pages\/10\/revisions"}],"predecessor-version":[{"id":187,"href":"https:\/\/l3cisd23.l3-digital.fr\/index.php\/wp-json\/wp\/v2\/pages\/10\/revisions\/187"}],"wp:attachment":[{"href":"https:\/\/l3cisd23.l3-digital.fr\/index.php\/wp-json\/wp\/v2\/media?parent=10"}],"curies":[{"name":"wp","href":"https:\/\/api.w.org\/{rel}","templated":true}]}}